{"id":4376,"date":"2026-03-17T10:56:08","date_gmt":"2026-03-17T10:56:08","guid":{"rendered":"https:\/\/3dfactory.novosite.eu\/applications\/product-design-and-prototyping\/"},"modified":"2026-03-20T13:00:11","modified_gmt":"2026-03-20T13:00:11","slug":"product-design-and-prototyping","status":"publish","type":"page","link":"https:\/\/3dfactory.pt\/en\/applications\/product-design-and-prototyping\/","title":{"rendered":"Product Design and Prototyping"},"content":{"rendered":"\t\t<div data-elementor-type=\"wp-page\" data-elementor-id=\"4376\" class=\"elementor elementor-4376 elementor-3996\" data-elementor-post-type=\"page\">\n\t\t\t\t\t\t<section class=\"elementor-section elementor-top-section elementor-element elementor-element-e5fff9e elementor-section-full_width elementor-section-stretched elementor-section-height-default elementor-section-height-default\" data-id=\"e5fff9e\" data-element_type=\"section\" data-e-type=\"section\" data-settings=\"{&quot;stretch_section&quot;:&quot;section-stretched&quot;}\">\n\t\t\t\t\t\t<div class=\"elementor-container elementor-column-gap-no\">\n\t\t\t\t\t<div class=\"elementor-column elementor-col-100 elementor-top-column elementor-element elementor-element-f3b5290\" data-id=\"f3b5290\" data-element_type=\"column\" data-e-type=\"column\">\n\t\t\t<div class=\"elementor-widget-wrap elementor-element-populated\">\n\t\t\t\t\t\t<section class=\"elementor-section elementor-inner-section elementor-element elementor-element-10cfe91 elementor-section-full_width elementor-section-content-middle elementor-section-height-default elementor-section-height-default\" data-id=\"10cfe91\" data-element_type=\"section\" data-e-type=\"section\">\n\t\t\t\t\t\t<div class=\"elementor-container elementor-column-gap-wider\">\n\t\t\t\t\t<div class=\"elementor-column elementor-col-50 elementor-inner-column elementor-element elementor-element-45f1568\" data-id=\"45f1568\" data-element_type=\"column\" data-e-type=\"column\">\n\t\t\t<div class=\"elementor-widget-wrap elementor-element-populated\">\n\t\t\t\t\t\t<div class=\"elementor-element elementor-element-5fdc649 elementor-widget elementor-widget-heading\" data-id=\"5fdc649\" data-element_type=\"widget\" data-e-type=\"widget\" data-widget_type=\"heading.default\">\n\t\t\t\t<div class=\"elementor-widget-container\">\n\t\t\t\t\t<h3 class=\"elementor-heading-title elementor-size-default\">Product Design and Prototyping<\/h3>\t\t\t\t<\/div>\n\t\t\t\t<\/div>\n\t\t\t\t<div class=\"elementor-element elementor-element-5199ea1 elementor-widget elementor-widget-text-editor\" data-id=\"5199ea1\" data-element_type=\"widget\" data-e-type=\"widget\" data-widget_type=\"text-editor.default\">\n\t\t\t\t<div class=\"elementor-widget-container\">\n\t\t\t\t\t\t\t\t\tBased on sketches and drawings, we model and 3D print parts or entire objects throughout the various stages of design. We print products and parts in various materials at low cost for functional or concept testing.\t\t\t\t\t\t\t\t<\/div>\n\t\t\t\t<\/div>\n\t\t\t\t\t<\/div>\n\t\t<\/div>\n\t\t\t\t<div class=\"elementor-column elementor-col-50 elementor-inner-column elementor-element elementor-element-b76c3f6\" data-id=\"b76c3f6\" data-element_type=\"column\" data-e-type=\"column\">\n\t\t\t<div class=\"elementor-widget-wrap elementor-element-populated\">\n\t\t\t\t\t\t<div class=\"elementor-element elementor-element-ccd5e2b elementor-widget elementor-widget-image\" data-id=\"ccd5e2b\" data-element_type=\"widget\" data-e-type=\"widget\" data-widget_type=\"image.default\">\n\t\t\t\t<div class=\"elementor-widget-container\">\n\t\t\t\t\t\t\t\t\t\t\t\t\t\t\t<img fetchpriority=\"high\" decoding=\"async\" width=\"800\" height=\"800\" src=\"https:\/\/3dfactory.pt\/wp-content\/uploads\/2026\/03\/prototipagem-design-3dfactor-02.jpg\" class=\"attachment-full size-full wp-image-4374\" alt=\"\" srcset=\"https:\/\/3dfactory.pt\/wp-content\/uploads\/2026\/03\/prototipagem-design-3dfactor-02.jpg 800w, https:\/\/3dfactory.pt\/wp-content\/uploads\/2026\/03\/prototipagem-design-3dfactor-02-300x300.jpg 300w, https:\/\/3dfactory.pt\/wp-content\/uploads\/2026\/03\/prototipagem-design-3dfactor-02-150x150.jpg 150w, https:\/\/3dfactory.pt\/wp-content\/uploads\/2026\/03\/prototipagem-design-3dfactor-02-768x768.jpg 768w\" sizes=\"(max-width: 800px) 100vw, 800px\" \/>\t\t\t\t\t\t\t\t\t\t\t\t\t\t\t<\/div>\n\t\t\t\t<\/div>\n\t\t\t\t\t<\/div>\n\t\t<\/div>\n\t\t\t\t\t<\/div>\n\t\t<\/section>\n\t\t\t\t\t<\/div>\n\t\t<\/div>\n\t\t\t\t\t<\/div>\n\t\t<\/section>\n\t\t\t\t<section class=\"elementor-section elementor-top-section elementor-element elementor-element-20df66d elementor-section-boxed elementor-section-height-default elementor-section-height-default\" data-id=\"20df66d\" data-element_type=\"section\" data-e-type=\"section\">\n\t\t\t\t\t\t<div class=\"elementor-container elementor-column-gap-default\">\n\t\t\t\t\t<div class=\"elementor-column elementor-col-100 elementor-top-column elementor-element elementor-element-2e40234\" data-id=\"2e40234\" data-element_type=\"column\" data-e-type=\"column\">\n\t\t\t<div class=\"elementor-widget-wrap elementor-element-populated\">\n\t\t\t\t\t\t<div class=\"elementor-element elementor-element-6f33685 elementor-widget elementor-widget-text-editor\" data-id=\"6f33685\" data-element_type=\"widget\" data-e-type=\"widget\" data-widget_type=\"text-editor.default\">\n\t\t\t\t<div class=\"elementor-widget-container\">\n\t\t\t\t\t\t\t\t\t<p style=\"text-align: center;\">At 3D Factory, we support the industry in the study and development of new equipment and products.<\/p>\t\t\t\t\t\t\t\t<\/div>\n\t\t\t\t<\/div>\n\t\t\t\t\t<\/div>\n\t\t<\/div>\n\t\t\t\t\t<\/div>\n\t\t<\/section>\n\t\t\t\t<section class=\"elementor-section elementor-top-section elementor-element elementor-element-bc1f682 elementor-section-full_width elementor-section-stretched elementor-section-height-default elementor-section-height-default\" data-id=\"bc1f682\" data-element_type=\"section\" data-e-type=\"section\" data-settings=\"{&quot;stretch_section&quot;:&quot;section-stretched&quot;}\">\n\t\t\t\t\t\t<div class=\"elementor-container elementor-column-gap-no\">\n\t\t\t\t\t<div class=\"elementor-column elementor-col-100 elementor-top-column elementor-element elementor-element-89f8396\" data-id=\"89f8396\" data-element_type=\"column\" data-e-type=\"column\">\n\t\t\t<div class=\"elementor-widget-wrap elementor-element-populated\">\n\t\t\t\t\t\t<section class=\"elementor-section elementor-inner-section elementor-element elementor-element-ff1069e elementor-section-full_width elementor-section-content-middle elementor-section-height-default elementor-section-height-default\" data-id=\"ff1069e\" data-element_type=\"section\" data-e-type=\"section\">\n\t\t\t\t\t\t<div class=\"elementor-container elementor-column-gap-wider\">\n\t\t\t\t\t<div class=\"elementor-column elementor-col-50 elementor-inner-column elementor-element elementor-element-89f499d\" data-id=\"89f499d\" data-element_type=\"column\" data-e-type=\"column\">\n\t\t\t<div class=\"elementor-widget-wrap elementor-element-populated\">\n\t\t\t\t\t\t<div class=\"elementor-element elementor-element-ef295ec elementor-widget elementor-widget-image\" data-id=\"ef295ec\" data-element_type=\"widget\" data-e-type=\"widget\" data-widget_type=\"image.default\">\n\t\t\t\t<div class=\"elementor-widget-container\">\n\t\t\t\t\t\t\t\t\t\t\t\t\t\t\t<img decoding=\"async\" width=\"800\" height=\"800\" src=\"https:\/\/3dfactory.pt\/wp-content\/uploads\/2026\/03\/prototipagem-design-3dfactor-01.jpg\" class=\"attachment-large size-large wp-image-4375\" alt=\"Design and Prototyping\" srcset=\"https:\/\/3dfactory.pt\/wp-content\/uploads\/2026\/03\/prototipagem-design-3dfactor-01.jpg 800w, https:\/\/3dfactory.pt\/wp-content\/uploads\/2026\/03\/prototipagem-design-3dfactor-01-300x300.jpg 300w, https:\/\/3dfactory.pt\/wp-content\/uploads\/2026\/03\/prototipagem-design-3dfactor-01-150x150.jpg 150w, https:\/\/3dfactory.pt\/wp-content\/uploads\/2026\/03\/prototipagem-design-3dfactor-01-768x768.jpg 768w\" sizes=\"(max-width: 800px) 100vw, 800px\" \/>\t\t\t\t\t\t\t\t\t\t\t\t\t\t\t<\/div>\n\t\t\t\t<\/div>\n\t\t\t\t\t<\/div>\n\t\t<\/div>\n\t\t\t\t<div class=\"elementor-column elementor-col-50 elementor-inner-column elementor-element elementor-element-6f46d5a\" data-id=\"6f46d5a\" data-element_type=\"column\" data-e-type=\"column\">\n\t\t\t<div class=\"elementor-widget-wrap elementor-element-populated\">\n\t\t\t\t\t\t<div class=\"elementor-element elementor-element-c4ffd67 elementor-widget elementor-widget-text-editor\" data-id=\"c4ffd67\" data-element_type=\"widget\" data-e-type=\"widget\" data-widget_type=\"text-editor.default\">\n\t\t\t\t<div class=\"elementor-widget-container\">\n\t\t\t\t\t\t\t\t\t<p><strong>We thus transform 3D printing into an ally for the creation of new products with multiple advantages:<\/strong><\/p>\t\t\t\t\t\t\t\t<\/div>\n\t\t\t\t<\/div>\n\t\t\t\t<div class=\"elementor-element elementor-element-d17d6e2 elementor-icon-list--layout-traditional elementor-list-item-link-full_width elementor-widget elementor-widget-icon-list\" data-id=\"d17d6e2\" data-element_type=\"widget\" data-e-type=\"widget\" data-widget_type=\"icon-list.default\">\n\t\t\t\t<div class=\"elementor-widget-container\">\n\t\t\t\t\t\t\t<ul class=\"elementor-icon-list-items\">\n\t\t\t\t\t\t\t<li class=\"elementor-icon-list-item\">\n\t\t\t\t\t\t\t\t\t\t<span class=\"elementor-icon-list-text\">The printed prototype allows for preliminary testing, trials for engineering components, and validation of measurements, stresses, resistances, fittings, and joints;<\/span>\n\t\t\t\t\t\t\t\t\t<\/li>\n\t\t\t\t\t\t\t\t<li class=\"elementor-icon-list-item\">\n\t\t\t\t\t\t\t\t\t\t<span class=\"elementor-icon-list-text\">The consistency and adaptation of products and equipment are achieved more easily through 3D printing at various scales. This is also the ideal format for creating market and production tests;<\/span>\n\t\t\t\t\t\t\t\t\t<\/li>\n\t\t\t\t\t\t\t\t<li class=\"elementor-icon-list-item\">\n\t\t\t\t\t\t\t\t\t\t<span class=\"elementor-icon-list-text\">The best way to communicate product design projects is by presenting real models. A 3D model serves as a powerful aid for refining and presenting the project to collaborators or clients.<\/span>\n\t\t\t\t\t\t\t\t\t<\/li>\n\t\t\t\t\t\t<\/ul>\n\t\t\t\t\t\t<\/div>\n\t\t\t\t<\/div>\n\t\t\t\t\t<\/div>\n\t\t<\/div>\n\t\t\t\t\t<\/div>\n\t\t<\/section>\n\t\t\t\t\t<\/div>\n\t\t<\/div>\n\t\t\t\t\t<\/div>\n\t\t<\/section>\n\t\t\t\t<section class=\"elementor-section elementor-top-section elementor-element elementor-element-8167560 elementor-section-full_width elementor-section-stretched elementor-section-height-default elementor-section-height-default\" data-id=\"8167560\" data-element_type=\"section\" data-e-type=\"section\" data-settings=\"{&quot;stretch_section&quot;:&quot;section-stretched&quot;}\">\n\t\t\t\t\t\t<div class=\"elementor-container elementor-column-gap-no\">\n\t\t\t\t\t<div class=\"elementor-column elementor-col-100 elementor-top-column elementor-element elementor-element-1f515ec\" data-id=\"1f515ec\" data-element_type=\"column\" data-e-type=\"column\">\n\t\t\t<div class=\"elementor-widget-wrap elementor-element-populated\">\n\t\t\t\t\t\t<section class=\"elementor-section elementor-inner-section elementor-element elementor-element-a6f711f elementor-section-full_width elementor-section-content-middle elementor-section-height-default elementor-section-height-default\" data-id=\"a6f711f\" data-element_type=\"section\" data-e-type=\"section\">\n\t\t\t\t\t\t<div class=\"elementor-container elementor-column-gap-no\">\n\t\t\t\t\t<div class=\"elementor-column elementor-col-50 elementor-inner-column elementor-element elementor-element-f6d2f51\" data-id=\"f6d2f51\" data-element_type=\"column\" data-e-type=\"column\">\n\t\t\t<div class=\"elementor-widget-wrap elementor-element-populated\">\n\t\t\t\t\t\t<div class=\"elementor-element elementor-element-5de18c1 elementor-widget elementor-widget-heading\" data-id=\"5de18c1\" data-element_type=\"widget\" data-e-type=\"widget\" data-widget_type=\"heading.default\">\n\t\t\t\t<div class=\"elementor-widget-container\">\n\t\t\t\t\t<h2 class=\"elementor-heading-title elementor-size-default\">Do you have an idea in mind? \n<br>Let us talk.<\/h2>\t\t\t\t<\/div>\n\t\t\t\t<\/div>\n\t\t\t\t\t<\/div>\n\t\t<\/div>\n\t\t\t\t<div class=\"elementor-column elementor-col-50 elementor-inner-column elementor-element elementor-element-743b265\" data-id=\"743b265\" data-element_type=\"column\" data-e-type=\"column\">\n\t\t\t<div class=\"elementor-widget-wrap elementor-element-populated\">\n\t\t\t\t\t\t<div class=\"elementor-element elementor-element-d05ffea elementor-mobile-align-center elementor-align-right elementor-widget elementor-widget-button\" data-id=\"d05ffea\" data-element_type=\"widget\" data-e-type=\"widget\" data-widget_type=\"button.default\">\n\t\t\t\t<div class=\"elementor-widget-container\">\n\t\t\t\t\t\t\t\t\t<div class=\"elementor-button-wrapper\">\n\t\t\t\t\t<a class=\"elementor-button elementor-button-link elementor-size-sm\" href=\"https:\/\/3dfactory.pt\/en\/contacts\/\" target=\"_blank\">\n\t\t\t\t\t\t<span class=\"elementor-button-content-wrapper\">\n\t\t\t\t\t\t\t\t\t<span class=\"elementor-button-text\">Contact us<\/span>\n\t\t\t\t\t<\/span>\n\t\t\t\t\t<\/a>\n\t\t\t\t<\/div>\n\t\t\t\t\t\t\t\t<\/div>\n\t\t\t\t<\/div>\n\t\t\t\t\t<\/div>\n\t\t<\/div>\n\t\t\t\t\t<\/div>\n\t\t<\/section>\n\t\t\t\t\t<\/div>\n\t\t<\/div>\n\t\t\t\t\t<\/div>\n\t\t<\/section>\n\t\t\t\t<\/div>\n\t\t","protected":false},"excerpt":{"rendered":"<p>Product Design and Prototyping Based on sketches and drawings, we model and 3D print parts or entire objects throughout the various stages of design. We print products and parts in various materials at low cost for functional or concept testing. At 3D Factory, we support the industry in the study and development of new equipment [&hellip;]<\/p>\n","protected":false},"author":1,"featured_media":0,"parent":4348,"menu_order":0,"comment_status":"closed","ping_status":"closed","template":"","meta":{"_acf_changed":false,"site-sidebar-layout":"default","site-content-layout":"","ast-site-content-layout":"default","site-content-style":"default","site-sidebar-style":"default","ast-global-header-display":"","ast-banner-title-visibility":"","ast-main-header-display":"","ast-hfb-above-header-display":"","ast-hfb-below-header-display":"","ast-hfb-mobile-header-display":"","site-post-title":"disabled","ast-breadcrumbs-content":"","ast-featured-img":"","footer-sml-layout":"","ast-disable-related-posts":"","theme-transparent-header-meta":"enabled","adv-header-id-meta":"","stick-header-meta":"","header-above-stick-meta":"","header-main-stick-meta":"","header-below-stick-meta":"","astra-migrate-meta-layouts":"default","ast-page-background-enabled":"default","ast-page-background-meta":{"desktop":{"background-color":"var(--ast-global-color-4)","background-image":"","background-repeat":"repeat","background-position":"center center","background-size":"auto","background-attachment":"scroll","background-type":"","background-media":"","overlay-type":"","overlay-color":"","overlay-opacity":"","overlay-gradient":""},"tablet":{"background-color":"","background-image":"","background-repeat":"repeat","background-position":"center center","background-size":"auto","background-attachment":"scroll","background-type":"","background-media":"","overlay-type":"","overlay-color":"","overlay-opacity":"","overlay-gradient":""},"mobile":{"background-color":"","background-image":"","background-repeat":"repeat","background-position":"center center","background-size":"auto","background-attachment":"scroll","background-type":"","background-media":"","overlay-type":"","overlay-color":"","overlay-opacity":"","overlay-gradient":""}},"ast-content-background-meta":{"desktop":{"background-color":"var(--ast-global-color-5)","background-image":"","background-repeat":"repeat","background-position":"center center","background-size":"auto","background-attachment":"scroll","background-type":"","background-media":"","overlay-type":"","overlay-color":"","overlay-opacity":"","overlay-gradient":""},"tablet":{"background-color":"var(--ast-global-color-5)","background-image":"","background-repeat":"repeat","background-position":"center center","background-size":"auto","background-attachment":"scroll","background-type":"","background-media":"","overlay-type":"","overlay-color":"","overlay-opacity":"","overlay-gradient":""},"mobile":{"background-color":"var(--ast-global-color-5)","background-image":"","background-repeat":"repeat","background-position":"center center","background-size":"auto","background-attachment":"scroll","background-type":"","background-media":"","overlay-type":"","overlay-color":"","overlay-opacity":"","overlay-gradient":""}},"footnotes":""},"class_list":["post-4376","page","type-page","status-publish","hentry"],"acf":[],"yoast_head":"<!-- This site is optimized with the Yoast SEO plugin v27.3 - https:\/\/yoast.com\/product\/yoast-seo-wordpress\/ -->\n<title>Product Design and Prototyping - 3D Factory<\/title>\n<meta name=\"robots\" content=\"index, follow, max-snippet:-1, max-image-preview:large, max-video-preview:-1\" \/>\n<link rel=\"canonical\" href=\"https:\/\/3dfactory.pt\/aplicacoes\/design-de-produto-e-prototipagem\/\" \/>\n<meta property=\"og:locale\" content=\"en_US\" \/>\n<meta property=\"og:type\" content=\"article\" \/>\n<meta property=\"og:title\" content=\"Product Design and Prototyping - 3D Factory\" \/>\n<meta property=\"og:description\" content=\"Product Design and Prototyping Based on sketches and drawings, we model and 3D print parts or entire objects throughout the various stages of design. We print products and parts in various materials at low cost for functional or concept testing. At 3D Factory, we support the industry in the study and development of new equipment [&hellip;]\" \/>\n<meta property=\"og:url\" content=\"https:\/\/3dfactory.pt\/aplicacoes\/design-de-produto-e-prototipagem\/\" \/>\n<meta property=\"og:site_name\" content=\"3D Factory\" \/>\n<meta property=\"article:publisher\" content=\"https:\/\/www.facebook.com\/3DFactoryPT\/\" \/>\n<meta property=\"article:modified_time\" content=\"2026-03-20T13:00:11+00:00\" \/>\n<meta property=\"og:image\" content=\"https:\/\/3dfactory.pt\/wp-content\/uploads\/2026\/03\/prototipagem-design-3dfactor-02.jpg\" \/>\n\t<meta property=\"og:image:width\" content=\"800\" \/>\n\t<meta property=\"og:image:height\" content=\"800\" \/>\n\t<meta property=\"og:image:type\" content=\"image\/jpeg\" \/>\n<meta name=\"twitter:card\" content=\"summary_large_image\" \/>\n<meta name=\"twitter:label1\" content=\"Est. reading time\" \/>\n\t<meta name=\"twitter:data1\" content=\"1 minute\" \/>\n<script type=\"application\/ld+json\" class=\"yoast-schema-graph\">{\"@context\":\"https:\\\/\\\/schema.org\",\"@graph\":[{\"@type\":\"WebPage\",\"@id\":\"https:\\\/\\\/3dfactory.pt\\\/aplicacoes\\\/design-de-produto-e-prototipagem\\\/\",\"url\":\"https:\\\/\\\/3dfactory.pt\\\/aplicacoes\\\/design-de-produto-e-prototipagem\\\/\",\"name\":\"Product Design and Prototyping - 3D Factory\",\"isPartOf\":{\"@id\":\"https:\\\/\\\/3dfactory.pt\\\/#website\"},\"primaryImageOfPage\":{\"@id\":\"https:\\\/\\\/3dfactory.pt\\\/aplicacoes\\\/design-de-produto-e-prototipagem\\\/#primaryimage\"},\"image\":{\"@id\":\"https:\\\/\\\/3dfactory.pt\\\/aplicacoes\\\/design-de-produto-e-prototipagem\\\/#primaryimage\"},\"thumbnailUrl\":\"https:\\\/\\\/3dfactory.pt\\\/wp-content\\\/uploads\\\/2026\\\/03\\\/prototipagem-design-3dfactor-02.jpg\",\"datePublished\":\"2026-03-17T10:56:08+00:00\",\"dateModified\":\"2026-03-20T13:00:11+00:00\",\"breadcrumb\":{\"@id\":\"https:\\\/\\\/3dfactory.pt\\\/aplicacoes\\\/design-de-produto-e-prototipagem\\\/#breadcrumb\"},\"inLanguage\":\"en-US\",\"potentialAction\":[{\"@type\":\"ReadAction\",\"target\":[\"https:\\\/\\\/3dfactory.pt\\\/aplicacoes\\\/design-de-produto-e-prototipagem\\\/\"]}]},{\"@type\":\"ImageObject\",\"inLanguage\":\"en-US\",\"@id\":\"https:\\\/\\\/3dfactory.pt\\\/aplicacoes\\\/design-de-produto-e-prototipagem\\\/#primaryimage\",\"url\":\"https:\\\/\\\/3dfactory.pt\\\/wp-content\\\/uploads\\\/2026\\\/03\\\/prototipagem-design-3dfactor-02.jpg\",\"contentUrl\":\"https:\\\/\\\/3dfactory.pt\\\/wp-content\\\/uploads\\\/2026\\\/03\\\/prototipagem-design-3dfactor-02.jpg\"},{\"@type\":\"BreadcrumbList\",\"@id\":\"https:\\\/\\\/3dfactory.pt\\\/aplicacoes\\\/design-de-produto-e-prototipagem\\\/#breadcrumb\",\"itemListElement\":[{\"@type\":\"ListItem\",\"position\":1,\"name\":\"In\u00edcio\",\"item\":\"https:\\\/\\\/3dfactory.pt\\\/en\\\/home\\\/\"},{\"@type\":\"ListItem\",\"position\":2,\"name\":\"Applications\",\"item\":\"https:\\\/\\\/3dfactory.pt\\\/aplicacoes\\\/\"},{\"@type\":\"ListItem\",\"position\":3,\"name\":\"Product Design and Prototyping\"}]},{\"@type\":\"WebSite\",\"@id\":\"https:\\\/\\\/3dfactory.pt\\\/#website\",\"url\":\"https:\\\/\\\/3dfactory.pt\\\/\",\"name\":\"3D Factory \u2013 Impress\u00e3o 3D, Digitaliza\u00e7\u00e3o 3D e Visualiza\u00e7\u00e3o 3D\",\"description\":\"Impress&atilde;o 3D, Digitaliza&ccedil;&atilde;o 3D e Visualiza&ccedil;&atilde;o 3D\",\"publisher\":{\"@id\":\"https:\\\/\\\/3dfactory.pt\\\/#organization\"},\"potentialAction\":[{\"@type\":\"SearchAction\",\"target\":{\"@type\":\"EntryPoint\",\"urlTemplate\":\"https:\\\/\\\/3dfactory.pt\\\/?s={search_term_string}\"},\"query-input\":{\"@type\":\"PropertyValueSpecification\",\"valueRequired\":true,\"valueName\":\"search_term_string\"}}],\"inLanguage\":\"en-US\"},{\"@type\":\"Organization\",\"@id\":\"https:\\\/\\\/3dfactory.pt\\\/#organization\",\"name\":\"3D Factory\",\"url\":\"https:\\\/\\\/3dfactory.pt\\\/\",\"logo\":{\"@type\":\"ImageObject\",\"inLanguage\":\"en-US\",\"@id\":\"https:\\\/\\\/3dfactory.pt\\\/#\\\/schema\\\/logo\\\/image\\\/\",\"url\":\"https:\\\/\\\/3dfactory.pt\\\/wp-content\\\/uploads\\\/2026\\\/02\\\/Logo-3DFactory-black.png\",\"contentUrl\":\"https:\\\/\\\/3dfactory.pt\\\/wp-content\\\/uploads\\\/2026\\\/02\\\/Logo-3DFactory-black.png\",\"width\":441,\"height\":131,\"caption\":\"3D Factory\"},\"image\":{\"@id\":\"https:\\\/\\\/3dfactory.pt\\\/#\\\/schema\\\/logo\\\/image\\\/\"},\"sameAs\":[\"https:\\\/\\\/www.facebook.com\\\/3DFactoryPT\\\/\",\"https:\\\/\\\/www.youtube.com\\\/@3dfactory189\",\"https:\\\/\\\/www.instagram.com\\\/3dfactory_lx\\\/\"]}]}<\/script>\n<!-- \/ Yoast SEO plugin. -->","yoast_head_json":{"title":"Product Design and Prototyping - 3D Factory","robots":{"index":"index","follow":"follow","max-snippet":"max-snippet:-1","max-image-preview":"max-image-preview:large","max-video-preview":"max-video-preview:-1"},"canonical":"https:\/\/3dfactory.pt\/aplicacoes\/design-de-produto-e-prototipagem\/","og_locale":"en_US","og_type":"article","og_title":"Product Design and Prototyping - 3D Factory","og_description":"Product Design and Prototyping Based on sketches and drawings, we model and 3D print parts or entire objects throughout the various stages of design. We print products and parts in various materials at low cost for functional or concept testing. At 3D Factory, we support the industry in the study and development of new equipment [&hellip;]","og_url":"https:\/\/3dfactory.pt\/aplicacoes\/design-de-produto-e-prototipagem\/","og_site_name":"3D Factory","article_publisher":"https:\/\/www.facebook.com\/3DFactoryPT\/","article_modified_time":"2026-03-20T13:00:11+00:00","og_image":[{"width":800,"height":800,"url":"https:\/\/3dfactory.pt\/wp-content\/uploads\/2026\/03\/prototipagem-design-3dfactor-02.jpg","type":"image\/jpeg"}],"twitter_card":"summary_large_image","twitter_misc":{"Est. reading time":"1 minute"},"schema":{"@context":"https:\/\/schema.org","@graph":[{"@type":"WebPage","@id":"https:\/\/3dfactory.pt\/aplicacoes\/design-de-produto-e-prototipagem\/","url":"https:\/\/3dfactory.pt\/aplicacoes\/design-de-produto-e-prototipagem\/","name":"Product Design and Prototyping - 3D Factory","isPartOf":{"@id":"https:\/\/3dfactory.pt\/#website"},"primaryImageOfPage":{"@id":"https:\/\/3dfactory.pt\/aplicacoes\/design-de-produto-e-prototipagem\/#primaryimage"},"image":{"@id":"https:\/\/3dfactory.pt\/aplicacoes\/design-de-produto-e-prototipagem\/#primaryimage"},"thumbnailUrl":"https:\/\/3dfactory.pt\/wp-content\/uploads\/2026\/03\/prototipagem-design-3dfactor-02.jpg","datePublished":"2026-03-17T10:56:08+00:00","dateModified":"2026-03-20T13:00:11+00:00","breadcrumb":{"@id":"https:\/\/3dfactory.pt\/aplicacoes\/design-de-produto-e-prototipagem\/#breadcrumb"},"inLanguage":"en-US","potentialAction":[{"@type":"ReadAction","target":["https:\/\/3dfactory.pt\/aplicacoes\/design-de-produto-e-prototipagem\/"]}]},{"@type":"ImageObject","inLanguage":"en-US","@id":"https:\/\/3dfactory.pt\/aplicacoes\/design-de-produto-e-prototipagem\/#primaryimage","url":"https:\/\/3dfactory.pt\/wp-content\/uploads\/2026\/03\/prototipagem-design-3dfactor-02.jpg","contentUrl":"https:\/\/3dfactory.pt\/wp-content\/uploads\/2026\/03\/prototipagem-design-3dfactor-02.jpg"},{"@type":"BreadcrumbList","@id":"https:\/\/3dfactory.pt\/aplicacoes\/design-de-produto-e-prototipagem\/#breadcrumb","itemListElement":[{"@type":"ListItem","position":1,"name":"In\u00edcio","item":"https:\/\/3dfactory.pt\/en\/home\/"},{"@type":"ListItem","position":2,"name":"Applications","item":"https:\/\/3dfactory.pt\/aplicacoes\/"},{"@type":"ListItem","position":3,"name":"Product Design and Prototyping"}]},{"@type":"WebSite","@id":"https:\/\/3dfactory.pt\/#website","url":"https:\/\/3dfactory.pt\/","name":"3D Factory \u2013 Impress\u00e3o 3D, Digitaliza\u00e7\u00e3o 3D e Visualiza\u00e7\u00e3o 3D","description":"Impress&atilde;o 3D, Digitaliza&ccedil;&atilde;o 3D e Visualiza&ccedil;&atilde;o 3D","publisher":{"@id":"https:\/\/3dfactory.pt\/#organization"},"potentialAction":[{"@type":"SearchAction","target":{"@type":"EntryPoint","urlTemplate":"https:\/\/3dfactory.pt\/?s={search_term_string}"},"query-input":{"@type":"PropertyValueSpecification","valueRequired":true,"valueName":"search_term_string"}}],"inLanguage":"en-US"},{"@type":"Organization","@id":"https:\/\/3dfactory.pt\/#organization","name":"3D Factory","url":"https:\/\/3dfactory.pt\/","logo":{"@type":"ImageObject","inLanguage":"en-US","@id":"https:\/\/3dfactory.pt\/#\/schema\/logo\/image\/","url":"https:\/\/3dfactory.pt\/wp-content\/uploads\/2026\/02\/Logo-3DFactory-black.png","contentUrl":"https:\/\/3dfactory.pt\/wp-content\/uploads\/2026\/02\/Logo-3DFactory-black.png","width":441,"height":131,"caption":"3D Factory"},"image":{"@id":"https:\/\/3dfactory.pt\/#\/schema\/logo\/image\/"},"sameAs":["https:\/\/www.facebook.com\/3DFactoryPT\/","https:\/\/www.youtube.com\/@3dfactory189","https:\/\/www.instagram.com\/3dfactory_lx\/"]}]}},"_links":{"self":[{"href":"https:\/\/3dfactory.pt\/en\/wp-json\/wp\/v2\/pages\/4376","targetHints":{"allow":["GET"]}}],"collection":[{"href":"https:\/\/3dfactory.pt\/en\/wp-json\/wp\/v2\/pages"}],"about":[{"href":"https:\/\/3dfactory.pt\/en\/wp-json\/wp\/v2\/types\/page"}],"author":[{"embeddable":true,"href":"https:\/\/3dfactory.pt\/en\/wp-json\/wp\/v2\/users\/1"}],"replies":[{"embeddable":true,"href":"https:\/\/3dfactory.pt\/en\/wp-json\/wp\/v2\/comments?post=4376"}],"version-history":[{"count":2,"href":"https:\/\/3dfactory.pt\/en\/wp-json\/wp\/v2\/pages\/4376\/revisions"}],"predecessor-version":[{"id":4378,"href":"https:\/\/3dfactory.pt\/en\/wp-json\/wp\/v2\/pages\/4376\/revisions\/4378"}],"up":[{"embeddable":true,"href":"https:\/\/3dfactory.pt\/en\/wp-json\/wp\/v2\/pages\/4348"}],"wp:attachment":[{"href":"https:\/\/3dfactory.pt\/en\/wp-json\/wp\/v2\/media?parent=4376"}],"curies":[{"name":"wp","href":"https:\/\/api.w.org\/{rel}","templated":true}]}}