{"id":4354,"date":"2026-03-17T10:56:38","date_gmt":"2026-03-17T10:56:38","guid":{"rendered":"https:\/\/3dfactory.novosite.eu\/applications\/support-for-city-planning\/"},"modified":"2026-03-20T12:41:11","modified_gmt":"2026-03-20T12:41:11","slug":"support-for-city-planning","status":"publish","type":"page","link":"https:\/\/3dfactory.pt\/en\/applications\/support-for-city-planning\/","title":{"rendered":"Support for City Planning"},"content":{"rendered":"\t\t<div data-elementor-type=\"wp-page\" data-elementor-id=\"4354\" class=\"elementor elementor-4354 elementor-3998\" data-elementor-post-type=\"page\">\n\t\t\t\t\t\t<section class=\"elementor-section elementor-top-section elementor-element elementor-element-e5fff9e elementor-section-full_width elementor-section-stretched elementor-section-height-default elementor-section-height-default\" data-id=\"e5fff9e\" data-element_type=\"section\" data-e-type=\"section\" data-settings=\"{&quot;stretch_section&quot;:&quot;section-stretched&quot;}\">\n\t\t\t\t\t\t<div class=\"elementor-container elementor-column-gap-no\">\n\t\t\t\t\t<div class=\"elementor-column elementor-col-100 elementor-top-column elementor-element elementor-element-f3b5290\" data-id=\"f3b5290\" data-element_type=\"column\" data-e-type=\"column\">\n\t\t\t<div class=\"elementor-widget-wrap elementor-element-populated\">\n\t\t\t\t\t\t<section class=\"elementor-section elementor-inner-section elementor-element elementor-element-10cfe91 elementor-section-full_width elementor-section-content-middle elementor-section-height-default elementor-section-height-default\" data-id=\"10cfe91\" data-element_type=\"section\" data-e-type=\"section\">\n\t\t\t\t\t\t<div class=\"elementor-container elementor-column-gap-wider\">\n\t\t\t\t\t<div class=\"elementor-column elementor-col-50 elementor-inner-column elementor-element elementor-element-45f1568\" data-id=\"45f1568\" data-element_type=\"column\" data-e-type=\"column\">\n\t\t\t<div class=\"elementor-widget-wrap elementor-element-populated\">\n\t\t\t\t\t\t<div class=\"elementor-element elementor-element-5fdc649 elementor-widget elementor-widget-heading\" data-id=\"5fdc649\" data-element_type=\"widget\" data-e-type=\"widget\" data-widget_type=\"heading.default\">\n\t\t\t\t<div class=\"elementor-widget-container\">\n\t\t\t\t\t<h3 class=\"elementor-heading-title elementor-size-default\">Support for City Planning<\/h3>\t\t\t\t<\/div>\n\t\t\t\t<\/div>\n\t\t\t\t<div class=\"elementor-element elementor-element-5199ea1 elementor-widget elementor-widget-text-editor\" data-id=\"5199ea1\" data-element_type=\"widget\" data-e-type=\"widget\" data-widget_type=\"text-editor.default\">\n\t\t\t\t<div class=\"elementor-widget-container\">\n\t\t\t\t\t\t\t\t\t<p>Cities are organisms in constant evolution, and they are expected to take on new configurations in a not-so-distant future.<\/p><p>3D digitisation and model-making through 3D printing enables \u201ctemporal\u201d preservation, as well as a time-stamped visualisation of the spatial organisation and urban behaviour of each municipality.<\/p>\t\t\t\t\t\t\t\t<\/div>\n\t\t\t\t<\/div>\n\t\t\t\t\t<\/div>\n\t\t<\/div>\n\t\t\t\t<div class=\"elementor-column elementor-col-50 elementor-inner-column elementor-element elementor-element-b76c3f6\" data-id=\"b76c3f6\" data-element_type=\"column\" data-e-type=\"column\">\n\t\t\t<div class=\"elementor-widget-wrap elementor-element-populated\">\n\t\t\t\t\t\t<div class=\"elementor-element elementor-element-ef295ec elementor-widget elementor-widget-image\" data-id=\"ef295ec\" data-element_type=\"widget\" data-e-type=\"widget\" data-widget_type=\"image.default\">\n\t\t\t\t<div class=\"elementor-widget-container\">\n\t\t\t\t\t\t\t\t\t\t\t\t\t\t\t<img fetchpriority=\"high\" decoding=\"async\" width=\"800\" height=\"800\" src=\"https:\/\/3dfactory.pt\/wp-content\/uploads\/2026\/03\/apoio-planeamneto-cidaades-3dfactory.jpg\" class=\"attachment-large size-large wp-image-4353\" alt=\"Support for City Planning\" srcset=\"https:\/\/3dfactory.pt\/wp-content\/uploads\/2026\/03\/apoio-planeamneto-cidaades-3dfactory.jpg 800w, https:\/\/3dfactory.pt\/wp-content\/uploads\/2026\/03\/apoio-planeamneto-cidaades-3dfactory-300x300.jpg 300w, https:\/\/3dfactory.pt\/wp-content\/uploads\/2026\/03\/apoio-planeamneto-cidaades-3dfactory-150x150.jpg 150w, https:\/\/3dfactory.pt\/wp-content\/uploads\/2026\/03\/apoio-planeamneto-cidaades-3dfactory-768x768.jpg 768w\" sizes=\"(max-width: 800px) 100vw, 800px\" \/>\t\t\t\t\t\t\t\t\t\t\t\t\t\t\t<\/div>\n\t\t\t\t<\/div>\n\t\t\t\t\t<\/div>\n\t\t<\/div>\n\t\t\t\t\t<\/div>\n\t\t<\/section>\n\t\t\t\t\t<\/div>\n\t\t<\/div>\n\t\t\t\t\t<\/div>\n\t\t<\/section>\n\t\t\t\t<section class=\"elementor-section elementor-top-section elementor-element elementor-element-20df66d elementor-section-boxed elementor-section-height-default elementor-section-height-default\" data-id=\"20df66d\" data-element_type=\"section\" data-e-type=\"section\">\n\t\t\t\t\t\t<div class=\"elementor-container elementor-column-gap-default\">\n\t\t\t\t\t<div class=\"elementor-column elementor-col-100 elementor-top-column elementor-element elementor-element-2e40234\" data-id=\"2e40234\" data-element_type=\"column\" data-e-type=\"column\">\n\t\t\t<div class=\"elementor-widget-wrap elementor-element-populated\">\n\t\t\t\t\t\t<div class=\"elementor-element elementor-element-6f33685 elementor-widget elementor-widget-text-editor\" data-id=\"6f33685\" data-element_type=\"widget\" data-e-type=\"widget\" data-widget_type=\"text-editor.default\">\n\t\t\t\t<div class=\"elementor-widget-container\">\n\t\t\t\t\t\t\t\t\t<p style=\"text-align: center;\">At 3D Factory, we develop models and scale models at any scale and in different materials.<\/p>\t\t\t\t\t\t\t\t<\/div>\n\t\t\t\t<\/div>\n\t\t\t\t\t<\/div>\n\t\t<\/div>\n\t\t\t\t\t<\/div>\n\t\t<\/section>\n\t\t\t\t<section class=\"elementor-section elementor-top-section elementor-element elementor-element-bc1f682 elementor-section-full_width elementor-section-stretched elementor-section-height-default elementor-section-height-default\" data-id=\"bc1f682\" data-element_type=\"section\" data-e-type=\"section\" data-settings=\"{&quot;stretch_section&quot;:&quot;section-stretched&quot;}\">\n\t\t\t\t\t\t<div class=\"elementor-container elementor-column-gap-no\">\n\t\t\t\t\t<div class=\"elementor-column elementor-col-100 elementor-top-column elementor-element elementor-element-89f8396\" data-id=\"89f8396\" data-element_type=\"column\" data-e-type=\"column\">\n\t\t\t<div class=\"elementor-widget-wrap elementor-element-populated\">\n\t\t\t\t\t\t<section class=\"elementor-section elementor-inner-section elementor-element elementor-element-ff1069e elementor-section-full_width elementor-section-content-middle elementor-section-height-default elementor-section-height-default\" data-id=\"ff1069e\" data-element_type=\"section\" data-e-type=\"section\">\n\t\t\t\t\t\t<div class=\"elementor-container elementor-column-gap-wider\">\n\t\t\t\t\t<div class=\"elementor-column elementor-col-50 elementor-inner-column elementor-element elementor-element-89f499d\" data-id=\"89f499d\" data-element_type=\"column\" data-e-type=\"column\">\n\t\t\t<div class=\"elementor-widget-wrap elementor-element-populated\">\n\t\t\t\t\t\t<div class=\"elementor-element elementor-element-ccd5e2b elementor-widget elementor-widget-image\" data-id=\"ccd5e2b\" data-element_type=\"widget\" data-e-type=\"widget\" data-widget_type=\"image.default\">\n\t\t\t\t<div class=\"elementor-widget-container\">\n\t\t\t\t\t\t\t\t\t\t\t\t\t\t\t<img decoding=\"async\" width=\"800\" height=\"800\" src=\"https:\/\/3dfactory.pt\/wp-content\/uploads\/2026\/03\/planeamento-cidades-3dfactory-01.jpg\" class=\"attachment-full size-full wp-image-4352\" alt=\"Support for City Planning\" srcset=\"https:\/\/3dfactory.pt\/wp-content\/uploads\/2026\/03\/planeamento-cidades-3dfactory-01.jpg 800w, https:\/\/3dfactory.pt\/wp-content\/uploads\/2026\/03\/planeamento-cidades-3dfactory-01-300x300.jpg 300w, https:\/\/3dfactory.pt\/wp-content\/uploads\/2026\/03\/planeamento-cidades-3dfactory-01-150x150.jpg 150w, https:\/\/3dfactory.pt\/wp-content\/uploads\/2026\/03\/planeamento-cidades-3dfactory-01-768x768.jpg 768w\" sizes=\"(max-width: 800px) 100vw, 800px\" \/>\t\t\t\t\t\t\t\t\t\t\t\t\t\t\t<\/div>\n\t\t\t\t<\/div>\n\t\t\t\t\t<\/div>\n\t\t<\/div>\n\t\t\t\t<div class=\"elementor-column elementor-col-50 elementor-inner-column elementor-element elementor-element-6f46d5a\" data-id=\"6f46d5a\" data-element_type=\"column\" data-e-type=\"column\">\n\t\t\t<div class=\"elementor-widget-wrap elementor-element-populated\">\n\t\t\t\t\t\t<div class=\"elementor-element elementor-element-c4ffd67 elementor-widget elementor-widget-text-editor\" data-id=\"c4ffd67\" data-element_type=\"widget\" data-e-type=\"widget\" data-widget_type=\"text-editor.default\">\n\t\t\t\t<div class=\"elementor-widget-container\">\n\t\t\t\t\t\t\t\t\t<p>3D-printed buildings, among other prominent cultural heritage monuments, have ceased to be a distant fantasy and have become a near reality, where technology enables the creation of three-dimensional scale models.<\/p>\t\t\t\t\t\t\t\t<\/div>\n\t\t\t\t<\/div>\n\t\t\t\t\t<\/div>\n\t\t<\/div>\n\t\t\t\t\t<\/div>\n\t\t<\/section>\n\t\t\t\t\t<\/div>\n\t\t<\/div>\n\t\t\t\t\t<\/div>\n\t\t<\/section>\n\t\t\t\t<section class=\"elementor-section elementor-top-section elementor-element elementor-element-59d77e2 elementor-section-full_width elementor-section-stretched elementor-section-height-default elementor-section-height-default\" data-id=\"59d77e2\" data-element_type=\"section\" data-e-type=\"section\" data-settings=\"{&quot;stretch_section&quot;:&quot;section-stretched&quot;}\">\n\t\t\t\t\t\t<div class=\"elementor-container elementor-column-gap-no\">\n\t\t\t\t\t<div class=\"elementor-column elementor-col-100 elementor-top-column elementor-element elementor-element-9a78f3d\" data-id=\"9a78f3d\" data-element_type=\"column\" data-e-type=\"column\">\n\t\t\t<div class=\"elementor-widget-wrap elementor-element-populated\">\n\t\t\t\t\t\t<section class=\"elementor-section elementor-inner-section elementor-element elementor-element-ec0c032 elementor-section-full_width elementor-section-content-middle elementor-section-height-default elementor-section-height-default\" data-id=\"ec0c032\" data-element_type=\"section\" data-e-type=\"section\">\n\t\t\t\t\t\t<div class=\"elementor-container elementor-column-gap-no\">\n\t\t\t\t\t<div class=\"elementor-column elementor-col-50 elementor-inner-column elementor-element elementor-element-d2f002f\" data-id=\"d2f002f\" data-element_type=\"column\" data-e-type=\"column\">\n\t\t\t<div class=\"elementor-widget-wrap elementor-element-populated\">\n\t\t\t\t\t\t<div class=\"elementor-element elementor-element-9a8e696 elementor-widget elementor-widget-heading\" data-id=\"9a8e696\" data-element_type=\"widget\" data-e-type=\"widget\" data-widget_type=\"heading.default\">\n\t\t\t\t<div class=\"elementor-widget-container\">\n\t\t\t\t\t<h2 class=\"elementor-heading-title elementor-size-default\">Do you have an idea in mind? \n<br>Let us talk.<\/h2>\t\t\t\t<\/div>\n\t\t\t\t<\/div>\n\t\t\t\t\t<\/div>\n\t\t<\/div>\n\t\t\t\t<div class=\"elementor-column elementor-col-50 elementor-inner-column elementor-element elementor-element-d570b9e\" data-id=\"d570b9e\" data-element_type=\"column\" data-e-type=\"column\">\n\t\t\t<div class=\"elementor-widget-wrap elementor-element-populated\">\n\t\t\t\t\t\t<div class=\"elementor-element elementor-element-e697032 elementor-mobile-align-center elementor-align-right elementor-widget elementor-widget-button\" data-id=\"e697032\" data-element_type=\"widget\" data-e-type=\"widget\" data-widget_type=\"button.default\">\n\t\t\t\t<div class=\"elementor-widget-container\">\n\t\t\t\t\t\t\t\t\t<div class=\"elementor-button-wrapper\">\n\t\t\t\t\t<a class=\"elementor-button elementor-button-link elementor-size-sm\" href=\"https:\/\/3dfactory.pt\/en\/contacts\/\" target=\"_blank\">\n\t\t\t\t\t\t<span class=\"elementor-button-content-wrapper\">\n\t\t\t\t\t\t\t\t\t<span class=\"elementor-button-text\">Contact us<\/span>\n\t\t\t\t\t<\/span>\n\t\t\t\t\t<\/a>\n\t\t\t\t<\/div>\n\t\t\t\t\t\t\t\t<\/div>\n\t\t\t\t<\/div>\n\t\t\t\t\t<\/div>\n\t\t<\/div>\n\t\t\t\t\t<\/div>\n\t\t<\/section>\n\t\t\t\t\t<\/div>\n\t\t<\/div>\n\t\t\t\t\t<\/div>\n\t\t<\/section>\n\t\t\t\t<\/div>\n\t\t","protected":false},"excerpt":{"rendered":"<p>Support for City Planning Cities are organisms in constant evolution, and they are expected to take on new configurations in a not-so-distant future. 3D digitisation and model-making through 3D printing enables \u201ctemporal\u201d preservation, as well as a time-stamped visualisation of the spatial organisation and urban behaviour of each municipality. At 3D Factory, we develop models [&hellip;]<\/p>\n","protected":false},"author":1,"featured_media":0,"parent":4348,"menu_order":0,"comment_status":"closed","ping_status":"closed","template":"","meta":{"_acf_changed":false,"site-sidebar-layout":"default","site-content-layout":"","ast-site-content-layout":"default","site-content-style":"default","site-sidebar-style":"default","ast-global-header-display":"","ast-banner-title-visibility":"","ast-main-header-display":"","ast-hfb-above-header-display":"","ast-hfb-below-header-display":"","ast-hfb-mobile-header-display":"","site-post-title":"disabled","ast-breadcrumbs-content":"","ast-featured-img":"","footer-sml-layout":"","ast-disable-related-posts":"","theme-transparent-header-meta":"enabled","adv-header-id-meta":"","stick-header-meta":"","header-above-stick-meta":"","header-main-stick-meta":"","header-below-stick-meta":"","astra-migrate-meta-layouts":"default","ast-page-background-enabled":"default","ast-page-background-meta":{"desktop":{"background-color":"var(--ast-global-color-4)","background-image":"","background-repeat":"repeat","background-position":"center center","background-size":"auto","background-attachment":"scroll","background-type":"","background-media":"","overlay-type":"","overlay-color":"","overlay-opacity":"","overlay-gradient":""},"tablet":{"background-color":"","background-image":"","background-repeat":"repeat","background-position":"center center","background-size":"auto","background-attachment":"scroll","background-type":"","background-media":"","overlay-type":"","overlay-color":"","overlay-opacity":"","overlay-gradient":""},"mobile":{"background-color":"","background-image":"","background-repeat":"repeat","background-position":"center center","background-size":"auto","background-attachment":"scroll","background-type":"","background-media":"","overlay-type":"","overlay-color":"","overlay-opacity":"","overlay-gradient":""}},"ast-content-background-meta":{"desktop":{"background-color":"var(--ast-global-color-5)","background-image":"","background-repeat":"repeat","background-position":"center center","background-size":"auto","background-attachment":"scroll","background-type":"","background-media":"","overlay-type":"","overlay-color":"","overlay-opacity":"","overlay-gradient":""},"tablet":{"background-color":"var(--ast-global-color-5)","background-image":"","background-repeat":"repeat","background-position":"center center","background-size":"auto","background-attachment":"scroll","background-type":"","background-media":"","overlay-type":"","overlay-color":"","overlay-opacity":"","overlay-gradient":""},"mobile":{"background-color":"var(--ast-global-color-5)","background-image":"","background-repeat":"repeat","background-position":"center center","background-size":"auto","background-attachment":"scroll","background-type":"","background-media":"","overlay-type":"","overlay-color":"","overlay-opacity":"","overlay-gradient":""}},"footnotes":""},"class_list":["post-4354","page","type-page","status-publish","hentry"],"acf":[],"yoast_head":"<!-- This site is optimized with the Yoast SEO plugin v27.3 - https:\/\/yoast.com\/product\/yoast-seo-wordpress\/ -->\n<title>Support for City Planning - 3D Factory<\/title>\n<meta name=\"robots\" content=\"index, follow, max-snippet:-1, max-image-preview:large, max-video-preview:-1\" \/>\n<link rel=\"canonical\" href=\"https:\/\/3dfactory.pt\/aplicacoes\/apoio-ao-planeamento-das-cidades\/\" \/>\n<meta property=\"og:locale\" content=\"en_US\" \/>\n<meta property=\"og:type\" content=\"article\" \/>\n<meta property=\"og:title\" content=\"Support for City Planning - 3D Factory\" \/>\n<meta property=\"og:description\" content=\"Support for City Planning Cities are organisms in constant evolution, and they are expected to take on new configurations in a not-so-distant future. 3D digitisation and model-making through 3D printing enables \u201ctemporal\u201d preservation, as well as a time-stamped visualisation of the spatial organisation and urban behaviour of each municipality. At 3D Factory, we develop models [&hellip;]\" \/>\n<meta property=\"og:url\" content=\"https:\/\/3dfactory.pt\/aplicacoes\/apoio-ao-planeamento-das-cidades\/\" \/>\n<meta property=\"og:site_name\" content=\"3D Factory\" \/>\n<meta property=\"article:publisher\" content=\"https:\/\/www.facebook.com\/3DFactoryPT\/\" \/>\n<meta property=\"article:modified_time\" content=\"2026-03-20T12:41:11+00:00\" \/>\n<meta property=\"og:image\" content=\"https:\/\/3dfactory.pt\/wp-content\/uploads\/2026\/03\/apoio-planeamneto-cidaades-3dfactory.jpg\" \/>\n\t<meta property=\"og:image:width\" content=\"800\" \/>\n\t<meta property=\"og:image:height\" content=\"800\" \/>\n\t<meta property=\"og:image:type\" content=\"image\/jpeg\" \/>\n<meta name=\"twitter:card\" content=\"summary_large_image\" \/>\n<meta name=\"twitter:label1\" content=\"Est. reading time\" \/>\n\t<meta name=\"twitter:data1\" content=\"1 minute\" \/>\n<script type=\"application\/ld+json\" class=\"yoast-schema-graph\">{\"@context\":\"https:\\\/\\\/schema.org\",\"@graph\":[{\"@type\":\"WebPage\",\"@id\":\"https:\\\/\\\/3dfactory.pt\\\/aplicacoes\\\/apoio-ao-planeamento-das-cidades\\\/\",\"url\":\"https:\\\/\\\/3dfactory.pt\\\/aplicacoes\\\/apoio-ao-planeamento-das-cidades\\\/\",\"name\":\"Support for City Planning - 3D Factory\",\"isPartOf\":{\"@id\":\"https:\\\/\\\/3dfactory.pt\\\/#website\"},\"primaryImageOfPage\":{\"@id\":\"https:\\\/\\\/3dfactory.pt\\\/aplicacoes\\\/apoio-ao-planeamento-das-cidades\\\/#primaryimage\"},\"image\":{\"@id\":\"https:\\\/\\\/3dfactory.pt\\\/aplicacoes\\\/apoio-ao-planeamento-das-cidades\\\/#primaryimage\"},\"thumbnailUrl\":\"https:\\\/\\\/3dfactory.pt\\\/wp-content\\\/uploads\\\/2026\\\/03\\\/apoio-planeamneto-cidaades-3dfactory.jpg\",\"datePublished\":\"2026-03-17T10:56:38+00:00\",\"dateModified\":\"2026-03-20T12:41:11+00:00\",\"breadcrumb\":{\"@id\":\"https:\\\/\\\/3dfactory.pt\\\/aplicacoes\\\/apoio-ao-planeamento-das-cidades\\\/#breadcrumb\"},\"inLanguage\":\"en-US\",\"potentialAction\":[{\"@type\":\"ReadAction\",\"target\":[\"https:\\\/\\\/3dfactory.pt\\\/aplicacoes\\\/apoio-ao-planeamento-das-cidades\\\/\"]}]},{\"@type\":\"ImageObject\",\"inLanguage\":\"en-US\",\"@id\":\"https:\\\/\\\/3dfactory.pt\\\/aplicacoes\\\/apoio-ao-planeamento-das-cidades\\\/#primaryimage\",\"url\":\"https:\\\/\\\/3dfactory.pt\\\/wp-content\\\/uploads\\\/2026\\\/03\\\/apoio-planeamneto-cidaades-3dfactory.jpg\",\"contentUrl\":\"https:\\\/\\\/3dfactory.pt\\\/wp-content\\\/uploads\\\/2026\\\/03\\\/apoio-planeamneto-cidaades-3dfactory.jpg\"},{\"@type\":\"BreadcrumbList\",\"@id\":\"https:\\\/\\\/3dfactory.pt\\\/aplicacoes\\\/apoio-ao-planeamento-das-cidades\\\/#breadcrumb\",\"itemListElement\":[{\"@type\":\"ListItem\",\"position\":1,\"name\":\"In\u00edcio\",\"item\":\"https:\\\/\\\/3dfactory.pt\\\/en\\\/home\\\/\"},{\"@type\":\"ListItem\",\"position\":2,\"name\":\"Applications\",\"item\":\"https:\\\/\\\/3dfactory.pt\\\/aplicacoes\\\/\"},{\"@type\":\"ListItem\",\"position\":3,\"name\":\"Support for City Planning\"}]},{\"@type\":\"WebSite\",\"@id\":\"https:\\\/\\\/3dfactory.pt\\\/#website\",\"url\":\"https:\\\/\\\/3dfactory.pt\\\/\",\"name\":\"3D Factory \u2013 Impress\u00e3o 3D, Digitaliza\u00e7\u00e3o 3D e Visualiza\u00e7\u00e3o 3D\",\"description\":\"Impress&atilde;o 3D, Digitaliza&ccedil;&atilde;o 3D e Visualiza&ccedil;&atilde;o 3D\",\"publisher\":{\"@id\":\"https:\\\/\\\/3dfactory.pt\\\/#organization\"},\"potentialAction\":[{\"@type\":\"SearchAction\",\"target\":{\"@type\":\"EntryPoint\",\"urlTemplate\":\"https:\\\/\\\/3dfactory.pt\\\/?s={search_term_string}\"},\"query-input\":{\"@type\":\"PropertyValueSpecification\",\"valueRequired\":true,\"valueName\":\"search_term_string\"}}],\"inLanguage\":\"en-US\"},{\"@type\":\"Organization\",\"@id\":\"https:\\\/\\\/3dfactory.pt\\\/#organization\",\"name\":\"3D Factory\",\"url\":\"https:\\\/\\\/3dfactory.pt\\\/\",\"logo\":{\"@type\":\"ImageObject\",\"inLanguage\":\"en-US\",\"@id\":\"https:\\\/\\\/3dfactory.pt\\\/#\\\/schema\\\/logo\\\/image\\\/\",\"url\":\"https:\\\/\\\/3dfactory.pt\\\/wp-content\\\/uploads\\\/2026\\\/02\\\/Logo-3DFactory-black.png\",\"contentUrl\":\"https:\\\/\\\/3dfactory.pt\\\/wp-content\\\/uploads\\\/2026\\\/02\\\/Logo-3DFactory-black.png\",\"width\":441,\"height\":131,\"caption\":\"3D Factory\"},\"image\":{\"@id\":\"https:\\\/\\\/3dfactory.pt\\\/#\\\/schema\\\/logo\\\/image\\\/\"},\"sameAs\":[\"https:\\\/\\\/www.facebook.com\\\/3DFactoryPT\\\/\",\"https:\\\/\\\/www.youtube.com\\\/@3dfactory189\",\"https:\\\/\\\/www.instagram.com\\\/3dfactory_lx\\\/\"]}]}<\/script>\n<!-- \/ Yoast SEO plugin. -->","yoast_head_json":{"title":"Support for City Planning - 3D Factory","robots":{"index":"index","follow":"follow","max-snippet":"max-snippet:-1","max-image-preview":"max-image-preview:large","max-video-preview":"max-video-preview:-1"},"canonical":"https:\/\/3dfactory.pt\/aplicacoes\/apoio-ao-planeamento-das-cidades\/","og_locale":"en_US","og_type":"article","og_title":"Support for City Planning - 3D Factory","og_description":"Support for City Planning Cities are organisms in constant evolution, and they are expected to take on new configurations in a not-so-distant future. 3D digitisation and model-making through 3D printing enables \u201ctemporal\u201d preservation, as well as a time-stamped visualisation of the spatial organisation and urban behaviour of each municipality. At 3D Factory, we develop models [&hellip;]","og_url":"https:\/\/3dfactory.pt\/aplicacoes\/apoio-ao-planeamento-das-cidades\/","og_site_name":"3D Factory","article_publisher":"https:\/\/www.facebook.com\/3DFactoryPT\/","article_modified_time":"2026-03-20T12:41:11+00:00","og_image":[{"width":800,"height":800,"url":"https:\/\/3dfactory.pt\/wp-content\/uploads\/2026\/03\/apoio-planeamneto-cidaades-3dfactory.jpg","type":"image\/jpeg"}],"twitter_card":"summary_large_image","twitter_misc":{"Est. reading time":"1 minute"},"schema":{"@context":"https:\/\/schema.org","@graph":[{"@type":"WebPage","@id":"https:\/\/3dfactory.pt\/aplicacoes\/apoio-ao-planeamento-das-cidades\/","url":"https:\/\/3dfactory.pt\/aplicacoes\/apoio-ao-planeamento-das-cidades\/","name":"Support for City Planning - 3D Factory","isPartOf":{"@id":"https:\/\/3dfactory.pt\/#website"},"primaryImageOfPage":{"@id":"https:\/\/3dfactory.pt\/aplicacoes\/apoio-ao-planeamento-das-cidades\/#primaryimage"},"image":{"@id":"https:\/\/3dfactory.pt\/aplicacoes\/apoio-ao-planeamento-das-cidades\/#primaryimage"},"thumbnailUrl":"https:\/\/3dfactory.pt\/wp-content\/uploads\/2026\/03\/apoio-planeamneto-cidaades-3dfactory.jpg","datePublished":"2026-03-17T10:56:38+00:00","dateModified":"2026-03-20T12:41:11+00:00","breadcrumb":{"@id":"https:\/\/3dfactory.pt\/aplicacoes\/apoio-ao-planeamento-das-cidades\/#breadcrumb"},"inLanguage":"en-US","potentialAction":[{"@type":"ReadAction","target":["https:\/\/3dfactory.pt\/aplicacoes\/apoio-ao-planeamento-das-cidades\/"]}]},{"@type":"ImageObject","inLanguage":"en-US","@id":"https:\/\/3dfactory.pt\/aplicacoes\/apoio-ao-planeamento-das-cidades\/#primaryimage","url":"https:\/\/3dfactory.pt\/wp-content\/uploads\/2026\/03\/apoio-planeamneto-cidaades-3dfactory.jpg","contentUrl":"https:\/\/3dfactory.pt\/wp-content\/uploads\/2026\/03\/apoio-planeamneto-cidaades-3dfactory.jpg"},{"@type":"BreadcrumbList","@id":"https:\/\/3dfactory.pt\/aplicacoes\/apoio-ao-planeamento-das-cidades\/#breadcrumb","itemListElement":[{"@type":"ListItem","position":1,"name":"In\u00edcio","item":"https:\/\/3dfactory.pt\/en\/home\/"},{"@type":"ListItem","position":2,"name":"Applications","item":"https:\/\/3dfactory.pt\/aplicacoes\/"},{"@type":"ListItem","position":3,"name":"Support for City Planning"}]},{"@type":"WebSite","@id":"https:\/\/3dfactory.pt\/#website","url":"https:\/\/3dfactory.pt\/","name":"3D Factory \u2013 Impress\u00e3o 3D, Digitaliza\u00e7\u00e3o 3D e Visualiza\u00e7\u00e3o 3D","description":"Impress&atilde;o 3D, Digitaliza&ccedil;&atilde;o 3D e Visualiza&ccedil;&atilde;o 3D","publisher":{"@id":"https:\/\/3dfactory.pt\/#organization"},"potentialAction":[{"@type":"SearchAction","target":{"@type":"EntryPoint","urlTemplate":"https:\/\/3dfactory.pt\/?s={search_term_string}"},"query-input":{"@type":"PropertyValueSpecification","valueRequired":true,"valueName":"search_term_string"}}],"inLanguage":"en-US"},{"@type":"Organization","@id":"https:\/\/3dfactory.pt\/#organization","name":"3D Factory","url":"https:\/\/3dfactory.pt\/","logo":{"@type":"ImageObject","inLanguage":"en-US","@id":"https:\/\/3dfactory.pt\/#\/schema\/logo\/image\/","url":"https:\/\/3dfactory.pt\/wp-content\/uploads\/2026\/02\/Logo-3DFactory-black.png","contentUrl":"https:\/\/3dfactory.pt\/wp-content\/uploads\/2026\/02\/Logo-3DFactory-black.png","width":441,"height":131,"caption":"3D Factory"},"image":{"@id":"https:\/\/3dfactory.pt\/#\/schema\/logo\/image\/"},"sameAs":["https:\/\/www.facebook.com\/3DFactoryPT\/","https:\/\/www.youtube.com\/@3dfactory189","https:\/\/www.instagram.com\/3dfactory_lx\/"]}]}},"_links":{"self":[{"href":"https:\/\/3dfactory.pt\/en\/wp-json\/wp\/v2\/pages\/4354","targetHints":{"allow":["GET"]}}],"collection":[{"href":"https:\/\/3dfactory.pt\/en\/wp-json\/wp\/v2\/pages"}],"about":[{"href":"https:\/\/3dfactory.pt\/en\/wp-json\/wp\/v2\/types\/page"}],"author":[{"embeddable":true,"href":"https:\/\/3dfactory.pt\/en\/wp-json\/wp\/v2\/users\/1"}],"replies":[{"embeddable":true,"href":"https:\/\/3dfactory.pt\/en\/wp-json\/wp\/v2\/comments?post=4354"}],"version-history":[{"count":2,"href":"https:\/\/3dfactory.pt\/en\/wp-json\/wp\/v2\/pages\/4354\/revisions"}],"predecessor-version":[{"id":4357,"href":"https:\/\/3dfactory.pt\/en\/wp-json\/wp\/v2\/pages\/4354\/revisions\/4357"}],"up":[{"embeddable":true,"href":"https:\/\/3dfactory.pt\/en\/wp-json\/wp\/v2\/pages\/4348"}],"wp:attachment":[{"href":"https:\/\/3dfactory.pt\/en\/wp-json\/wp\/v2\/media?parent=4354"}],"curies":[{"name":"wp","href":"https:\/\/api.w.org\/{rel}","templated":true}]}}